{"id":117,"date":"2011-11-09T19:18:55","date_gmt":"2011-11-09T21:18:55","guid":{"rendered":"http:\/\/cmca.srv.br\/blogmax\/?page_id=117"},"modified":"2014-02-22T11:02:30","modified_gmt":"2014-02-22T13:02:30","slug":"gic-gestao-da-informacao-e-conhecimento","status":"publish","type":"page","link":"https:\/\/max.pro.br\/?page_id=117","title":{"rendered":"GIC &#8211; Gest\u00e3o da Informa\u00e7\u00e3o e do Conhecimento"},"content":{"rendered":"<p style=\"text-align: right;\"><span style=\"font-size: xx-small;\"><em><strong><span style=\"color: #ff0000;\">INTRODU\u00c7\u00c3O<\/span><\/strong><\/em> &#8211; <a href=\"?page_id=370\">DISCIPLINA <\/a>&#8211; <a href=\"?page_id=347\">BIBLIOGRAFIA <\/a>&#8211; <a href=\"?page_id=353\">AVALIA\u00c7\u00c3O<\/a> &#8211; <a href=\"?page_id=653\">DEPOIMENTOS<\/a><\/span><\/p>\n<p>Esta disciplina \u00e9 fruto de um Projeto em andamento: <a title=\"Gest\u00e3o da Informa\u00e7\u00e3o e do Conhecimento Ampla\" href=\"?page_id=1130\">Gest\u00e3o da Informa\u00e7\u00e3o e do Conhecimento Ampla<\/a>.<\/p>\n<p><strong>Quem toma decis\u00f5es? Com base em qu\u00ea?<\/strong> A resposta a essas duas perguntas simples fornece uma ideia da import\u00e2ncia da informa\u00e7\u00e3o e do conhecimento na vida pessoal e profissional de todos os cidad\u00e3os. E, se considerarmos que uma organiza\u00e7\u00e3o \u00e9 formada por pessoas e seus diversos interesses, informa\u00e7\u00e3o e conhecimento s\u00e3o tamb\u00e9m importantes para qualquer organiza\u00e7\u00e3o: micro, pequena, m\u00e9dia, grande, com\u00e9rcio, ind\u00fastria, presta\u00e7\u00e3o de servi\u00e7os, com ou sem fins lucrativos&#8230; Sejam pessoais ou nas organiza\u00e7\u00f5es, as decis\u00f5es representam um papel importante na nossa vida. Algumas s\u00e3o mais simples e com poucos impactos, mas outras podem mudar a vida de algu\u00e9m&#8230;<\/p>\n<p>Se as decis\u00f5es podem mudar a sua vida ou da sua organiza\u00e7\u00e3o, e se estas decis\u00f5es s\u00e3o tomadas com base em informa\u00e7\u00f5es e conhecimento, a conclus\u00e3o n\u00e3o \u00e9 \u00f3bvia? Informa\u00e7\u00e3o e conhecimento podem mudar a sua vida!<\/p>\n<p>Mas n\u00e3o adianta achar que agora que voc\u00ea tem acesso ao google, toda a informa\u00e7\u00e3o do mundo est\u00e1 dispon\u00edvel, e suas decis\u00f5es ser\u00e3o perfeitas&#8230; S\u00f3 de curiosidade, pesquise o termo \u201cbrasil\u201d no google e veja o n\u00famero de resultados \u2013 alguns <em>links<\/em> s\u00e3o de p\u00e1ginas que n\u00e3o existem mais&#8230; Agora acesse o site <a title=\"Wolfram Alpha\" href=\"http:\/\/www.wolframalpha.com\/examples\/?src=input\" target=\"_blank\">wolframalpha.com<\/a> e pesquise o termo \u201cbrasil\u201d. Notou alguma diferen\u00e7a? A proposta das duas ferramentas \u00e9 totalmente diferente, mas qual das duas apresenta um conte\u00fado mais interessante para a sua decis\u00e3o? Certamente a informa\u00e7\u00e3o estruturada, organizada, bem apresentada e logicamente fundamentada \u00e9 melhor para as decis\u00f5es \u2013 at\u00e9 porque apresenta um volume mais compat\u00edvel com nossa capacidade cognitiva.<\/p>\n<p>E se voc\u00ea for gestor de uma empresa, preferir\u00e1 acessar informa\u00e7\u00f5es no formato google ou wolfram? A quest\u00e3o \u00e9: sua empresa est\u00e1 preparada para gerar informa\u00e7\u00f5es dessa forma? Ela \u201csabe\u201d quais informa\u00e7\u00f5es est\u00e3o dispon\u00edveis, onde, e como relacion\u00e1-las?<\/p>\n<p><strong>Mas afinal, o que \u00e9 informa\u00e7\u00e3o? E conhecimento? N\u00e3o significam a mesma coisa?<\/strong> Realmente essa (in)defini\u00e7\u00e3o conceitual \u00e9 uma constante hist\u00f3rica, inclusive no meio acad\u00eamico. Existem in\u00fameras abordagens que se contradizem sobre o que \u00e9 informa\u00e7\u00e3o ou conhecimento (e dado, e saber, etc&#8230;). O que importa, para n\u00e3o \u201cperdermos tempo\u201d, \u00e9 adotar logo uma defini\u00e7\u00e3o a ser usada ao longo deste curso e deixar a <a title=\"Que Ci\u00eancia? Que Informa\u00e7\u00e3o?\" href=\"http:\/\/lataci.com.br\/?page_id=37\" target=\"_blank\">discuss\u00e3o epistemol\u00f3gica<\/a> para outra oportunidade.<\/p>\n<p><span style=\"font-size: xx-small;\"><em><strong><span style=\"color: #ff0000;\">INTRODU\u00c7\u00c3O<\/span><\/strong><\/em> &#8211; <a href=\"?page_id=370\">DISCIPLINA <\/a>&#8211; <a href=\"?page_id=347\">BIBLIOGRAFIA <\/a>&#8211; <a href=\"?page_id=353\">AVALIA\u00c7\u00c3O<\/a> &#8211; <a href=\"?page_id=653\">DEPOIMENTOS<\/a><\/span><\/p>\n","protected":false},"excerpt":{"rendered":"<p>INTRODU\u00c7\u00c3O &#8211; DISCIPLINA &#8211; BIBLIOGRAFIA &#8211; AVALIA\u00c7\u00c3O &#8211; DEPOIMENTOS Esta disciplina \u00e9 fruto de um Projeto em andamento: Gest\u00e3o da &hellip; <span class=\"more-link\"><a href=\"https:\/\/max.pro.br\/?page_id=117\">Continue Reading<\/a><\/span><\/p>\n","protected":false},"author":1,"featured_media":0,"parent":121,"menu_order":0,"comment_status":"closed","ping_status":"closed","template":"","meta":{"footnotes":""},"class_list":["post-117","page","type-page","status-publish","hentry"],"_links":{"self":[{"href":"https:\/\/max.pro.br\/index.php?rest_route=\/wp\/v2\/pages\/117","targetHints":{"allow":["GET"]}}],"collection":[{"href":"https:\/\/max.pro.br\/index.php?rest_route=\/wp\/v2\/pages"}],"about":[{"href":"https:\/\/max.pro.br\/index.php?rest_route=\/wp\/v2\/types\/page"}],"author":[{"embeddable":true,"href":"https:\/\/max.pro.br\/index.php?rest_route=\/wp\/v2\/users\/1"}],"replies":[{"embeddable":true,"href":"https:\/\/max.pro.br\/index.php?rest_route=%2Fwp%2Fv2%2Fcomments&post=117"}],"version-history":[{"count":6,"href":"https:\/\/max.pro.br\/index.php?rest_route=\/wp\/v2\/pages\/117\/revisions"}],"predecessor-version":[{"id":2025,"href":"https:\/\/max.pro.br\/index.php?rest_route=\/wp\/v2\/pages\/117\/revisions\/2025"}],"up":[{"embeddable":true,"href":"https:\/\/max.pro.br\/index.php?rest_route=\/wp\/v2\/pages\/121"}],"wp:attachment":[{"href":"https:\/\/max.pro.br\/index.php?rest_route=%2Fwp%2Fv2%2Fmedia&parent=117"}],"curies":[{"name":"wp","href":"https:\/\/api.w.org\/{rel}","templated":true}]}}