{"id":1432,"date":"2013-05-31T00:02:53","date_gmt":"2013-05-31T02:02:53","guid":{"rendered":"http:\/\/cmca.srv.br\/blogmax\/?page_id=1432"},"modified":"2025-09-27T13:01:37","modified_gmt":"2025-09-27T16:01:37","slug":"formacao","status":"publish","type":"page","link":"https:\/\/max.pro.br\/?page_id=1432","title":{"rendered":"Forma\u00e7\u00e3o"},"content":{"rendered":"<p style=\"text-align: right;\">&#8220;<strong>Eu prefiro ser essa <a href=\"http:\/\/www.youtube.com\/watch?v=7VE6PNwmr9g&amp;list=PL574868ADF02981EC&amp;index=11\" target=\"_blank\" rel=\"noopener\">metamorfose ambulante<\/a><br \/>\ndo que ter aquela velha opini\u00e3o formada sobre tudo<\/strong>&#8221;<br \/>\nRaul Seixas<\/p>\n<p style=\"text-align: right;\"><a href=\"http:\/\/buscatextual.cnpq.br\/buscatextual\/visualizacv.do?metodo=apresentar&amp;id=K4131668U7\" target=\"_blank\" rel=\"noopener\">Curr\u00edculo LATTES<\/a><\/p>\n<ul>\n<li><strong>P\u00f3s doutorado em Educa\u00e7\u00e3o Tecnol\u00f3gica <\/strong>(CEFET-MG, 2.025 &#8211; em andamento)<\/li>\n<li><strong>MBA em Data Science Analytics: transformando neg\u00f3cios<\/strong> (ASN, 2.025 &#8211; em andamento)<\/li>\n<li><strong>P\u00f3s gradua\u00e7\u00e3o em Neuroci\u00eancias e Comportamento <\/strong>(PUC-RS, 2.024 &#8211; em andamento)<\/li>\n<li><strong>P\u00f3s doutorado em Ambiente Constru\u00eddo e Patrim\u00f4nio Sustent\u00e1vel <\/strong>(UFMG, 2.021-2.023)<br \/>\nSupervisora: Profa. Dra. <a href=\"http:\/\/lattes.cnpq.br\/4218954956709188\" target=\"_blank\" rel=\"noopener\">Renata Maria Abrantes Baracho<\/a><\/li>\n<li><strong>P\u00f3s doutorado em Ci\u00eancia da Informa\u00e7\u00e3o <\/strong>(UFMG, 2.013-2.016)<br \/>\nSupervisora: Profa. Dra. <a title=\"Curr\u00edculo LATTES\" href=\"http:\/\/buscatextual.cnpq.br\/buscatextual\/visualizacv.do?metodo=apresentar&amp;id=K4781019E7\" target=\"_blank\" rel=\"noopener\">Beatriz Valadares Cend\u00f3n<\/a><\/li>\n<li><strong><a title=\"Uma tese \u00e9 uma tese\" href=\"?p=601\">Doutorado<\/a> em Ci\u00eancia da Informa\u00e7\u00e3o <\/strong>(UFMG, 2.013) &#8211; <strong>n\u00edvel 6 CAPES<\/strong><br \/>\nOrientadora: Profa. Dra. <a title=\"Curr\u00edculo LATTES\" href=\"http:\/\/buscatextual.cnpq.br\/buscatextual\/visualizacv.do?metodo=apresentar&amp;id=K4781019E7\" target=\"_blank\" rel=\"noopener\">Beatriz Valadares Cend\u00f3n<\/a><\/li>\n<\/ul>\n<p style=\"padding-left: 60px;\">MATTOS, Max Cirino de.<em> <a title=\"Tese\" href=\"_arquivos\/20131001-TeseCI.pdf\" target=\"_blank\" rel=\"noopener\">Proposta de uma base de cita\u00e7\u00f5es da literatura cient\u00edfica por meio da extra\u00e7\u00e3o autom\u00e1tica de dados do SciELO<\/a>.<\/em> 2013. 172f. Tese (Doutorado em Ci\u00eancia da Informa\u00e7\u00e3o) \u2013 Escola de Ci\u00eancia da Informa\u00e7\u00e3o, Universidade Federal de Minas Gerais, Belo Horizonte, 2013 (<a title=\"Relat\u00f3rio final\" href=\".\/_arquivos\/2013-Bolsa-RelatorioFinal.docx\" target=\"_blank\" rel=\"noopener\">Relat\u00f3rio final<\/a> &#8211; <a title=\"Defesa Tese\" href=\".\/_arquivos\/20131001-Defesa-P&amp;B.pdf\" target=\"_blank\" rel=\"noopener\">Apresenta\u00e7\u00e3o<\/a>)<\/p>\n<ul>\n<li><strong>Mestrado em Ci\u00eancia da Informa\u00e7\u00e3o <\/strong>(UFMG, 1.998) &#8211; <strong>n\u00edvel 6 CAPES<\/strong><br \/>\nOrientador: Prof. Dr. <a title=\"Curr\u00edculo LATTES\" href=\"http:\/\/buscatextual.cnpq.br\/buscatextual\/visualizacv.do?metodo=apresentar&amp;id=K4783249Y1\" target=\"_blank\" rel=\"noopener\">Ricardo Rodrigues Barbosa<\/a><\/li>\n<\/ul>\n<p style=\"padding-left: 60px;\">MATTOS, Max Cirino de. <a title=\"Acesse o pdf\" href=\"_arquivos\/dissertacao.pdf\" target=\"_blank\" rel=\"noopener\"><em>As informa\u00e7\u00f5es que d\u00e3o suporte ao processo decis\u00f3rio e a influ\u00eancia dos grupos que as processam<\/em>: um estudo de caso em uma empresa do setor p\u00fablico de telecomunica\u00e7\u00f5es<\/a>. 1998. 241f. Disserta\u00e7\u00e3o (Mestrado em Ci\u00eancia da Informa\u00e7\u00e3o) \u2013 Escola de Ci\u00eancia da Informa\u00e7\u00e3o, Universidade Federal de Minas Gerais, Belo Horizonte, 1998<\/p>\n<ul>\n<li><strong>MBA em Ci\u00eancia de Dados e Intelig\u00eancia Artificial <\/strong>(HopAI, 2.019 &#8211; incompleto)<\/li>\n<li><strong>MBA Executivo em Finan\u00e7as <\/strong>(IBMEC, 2.007)<br \/>\nOrientador: Prof. Dr. <a title=\"Curr\u00edculo LATTES\" href=\"http:\/\/buscatextual.cnpq.br\/buscatextual\/visualizacv.do?id=K4784289A1\" target=\"_blank\" rel=\"noopener\">Haroldo Guimar\u00e3es Brasil<\/a><\/li>\n<\/ul>\n<p style=\"padding-left: 60px;\">MATTOS, Max Cirino de; SOUSA, Ricardo Chaib de. <a title=\"Acesse o pdf\" href=\"_arquivos\/monografiaIBMEC.pdf\" target=\"_blank\" rel=\"noopener\"><em>Avalia\u00e7\u00e3o de uma empresa do segmento de hortifrutigranjeiros<\/em>: um estudo de caso em uma unidade de uma rede varejista de frutas, legumes e verduras<\/a>. 2007. 34f. Monografia (MBA Executivo em Finan\u00e7as) \u2013 IBMEC-MG, Belo Horizonte, 2007.<\/p>\n<ul>\n<li><strong>Especializa\u00e7\u00e3o em Gest\u00e3o em Informa\u00e7\u00e3o Tecnol\u00f3gica <\/strong>(UFMG, 1.996)<br \/>\nOrientadora: Profa. <a title=\"Curr\u00edculo LATTES\" href=\"http:\/\/buscatextual.cnpq.br\/buscatextual\/visualizacv.do?id=K4798716A8\" target=\"_blank\" rel=\"noopener\">M\u00f4nica Erichsen Nassif<\/a><br \/>\nCoorientadora: Profa. Dra. <a title=\"Curr\u00edculo LATTES\" href=\"http:\/\/buscatextual.cnpq.br\/buscatextual\/visualizacv.do?metodo=apresentar&amp;id=K4783482H4\" target=\"_blank\" rel=\"noopener\">\u00cdris Barbosa Goulart<\/a><\/li>\n<\/ul>\n<p style=\"padding-left: 60px;\">MATTOS, Max Cirino de. <a title=\"Acesse o pdf\" href=\"_arquivos\/monografia.pdf\" target=\"_blank\" rel=\"noopener\"><em>Informa\u00e7\u00e3o, processo decis\u00f3rio e cultura organizacional<\/em>: fundamentos para a implementa\u00e7\u00e3o de sistemas de informa\u00e7\u00e3o<\/a>. 1996. 25f. Monografia (Especializa\u00e7\u00e3o em Gest\u00e3o em Informa\u00e7\u00e3o Tecnol\u00f3gica) \u2013 Escola de Ci\u00eancia da Informa\u00e7\u00e3o, Universidade Federal de Minas Gerais, Belo Horizonte, 1996.<\/p>\n<ul>\n<li><strong>Bacharelado em Ci\u00eancia da Computa\u00e7\u00e3o <\/strong>(PUC-MG, 1.991).<\/li>\n<\/ul>\n<ul>\n<li><strong>T\u00e9cnico em Contabilidade <\/strong>(INED, 2.013)<br \/>\nOrientador: Prof. Jos\u00e9 Guimar\u00e3es da Silva<\/li>\n<\/ul>\n<p style=\"padding-left: 60px;\">MATTOS, Max Cirino de. <a title=\"Acesse o pdf\" href=\"_arquivos\/tccined.pdf\" target=\"_blank\" rel=\"noopener\"><em>C\u00e1lculo dos tributos incidentes sobre notas de servi\u00e7os de treinamento e ensino prestados por empresa do lucro presumido e sem empregados em Belo Horizonte<\/em><\/a>. 2013. 26f. Monografia (T\u00e9cnico em Contabilidade) \u2013 Instituto Nacional de Ensino a Dist\u00e2ncia, Faculdade INED, S\u00e3o Paulo, 2013.<\/p>\n","protected":false},"excerpt":{"rendered":"<p>&#8220;Eu prefiro ser essa metamorfose ambulante do que ter aquela velha opini\u00e3o formada sobre tudo&#8221; Raul Seixas Curr\u00edculo LATTES P\u00f3s &hellip; <span class=\"more-link\"><a href=\"https:\/\/max.pro.br\/?page_id=1432\">Continue Reading<\/a><\/span><\/p>\n","protected":false},"author":1,"featured_media":0,"parent":0,"menu_order":0,"comment_status":"closed","ping_status":"closed","template":"","meta":{"footnotes":""},"class_list":["post-1432","page","type-page","status-publish","hentry"],"_links":{"self":[{"href":"https:\/\/max.pro.br\/index.php?rest_route=\/wp\/v2\/pages\/1432","targetHints":{"allow":["GET"]}}],"collection":[{"href":"https:\/\/max.pro.br\/index.php?rest_route=\/wp\/v2\/pages"}],"about":[{"href":"https:\/\/max.pro.br\/index.php?rest_route=\/wp\/v2\/types\/page"}],"author":[{"embeddable":true,"href":"https:\/\/max.pro.br\/index.php?rest_route=\/wp\/v2\/users\/1"}],"replies":[{"embeddable":true,"href":"https:\/\/max.pro.br\/index.php?rest_route=%2Fwp%2Fv2%2Fcomments&post=1432"}],"version-history":[{"count":12,"href":"https:\/\/max.pro.br\/index.php?rest_route=\/wp\/v2\/pages\/1432\/revisions"}],"predecessor-version":[{"id":2259,"href":"https:\/\/max.pro.br\/index.php?rest_route=\/wp\/v2\/pages\/1432\/revisions\/2259"}],"wp:attachment":[{"href":"https:\/\/max.pro.br\/index.php?rest_route=%2Fwp%2Fv2%2Fmedia&parent=1432"}],"curies":[{"name":"wp","href":"https:\/\/api.w.org\/{rel}","templated":true}]}}