{"id":165,"date":"2011-11-09T20:13:31","date_gmt":"2011-11-09T23:13:31","guid":{"rendered":"http:\/\/cmca.srv.br\/blogmax\/?page_id=165"},"modified":"2017-03-21T15:08:41","modified_gmt":"2017-03-21T18:08:41","slug":"projetos","status":"publish","type":"page","link":"https:\/\/max.pro.br\/?page_id=165","title":{"rendered":"Projetos"},"content":{"rendered":"<p style=\"text-align: right;\">&#8220;<strong>Eu posso estar completamente enganado, posso estar correndo pro lado errado,<br \/>\nmas a d\u00favida \u00e9 o pre\u00e7o da pureza e <a href=\"http:\/\/www.youtube.com\/watch?v=POhlyynYF_I&amp;list=PLA20B75E66EA4163B&amp;index=10\" target=\"_blank\">\u00e9 in\u00fatil ter certeza<\/a><\/strong>&#8221;<br \/>\nEngenheiros do Hawaii<\/p>\n<p style=\"text-align: left;\">Os projetos de pesquisa foram reunidos para a cria\u00e7\u00e3o do grupo de pesquisa <strong><a href=\"http:\/\/www.lataci.com.br\" target=\"_blank\">LATACI<\/a><sup>\u00ae<\/sup><\/strong><\/p>\n<p style=\"text-align: left;\"><a href=\"http:\/\/www.lataci.com.br\" target=\"_blank\"><img loading=\"lazy\" decoding=\"async\" width=\"499\" height=\"554\" class=\"alignnone size-full wp-image-2201 aligncenter\" src=\"https:\/\/max.pro.br\/wp-content\/uploads\/2011\/11\/LATACI-2017.jpg\" alt=\"\" srcset=\"https:\/\/max.pro.br\/wp-content\/uploads\/2011\/11\/LATACI-2017.jpg 499w, https:\/\/max.pro.br\/wp-content\/uploads\/2011\/11\/LATACI-2017-270x300.jpg 270w\" sizes=\"auto, (max-width: 499px) 100vw, 499px\" \/><\/a><\/p>\n<p style=\"text-align: left;\">Site: <a href=\"http:\/\/www.lataci.com.br\" target=\"_blank\">www.lataci.com.br<\/a><\/p>\n","protected":false},"excerpt":{"rendered":"<p>&#8220;Eu posso estar completamente enganado, posso estar correndo pro lado errado, mas a d\u00favida \u00e9 o pre\u00e7o da pureza e &hellip; <span class=\"more-link\"><a href=\"https:\/\/max.pro.br\/?page_id=165\">Continue Reading<\/a><\/span><\/p>\n","protected":false},"author":1,"featured_media":0,"parent":0,"menu_order":5,"comment_status":"closed","ping_status":"closed","template":"","meta":{"footnotes":""},"class_list":["post-165","page","type-page","status-publish","hentry"],"_links":{"self":[{"href":"https:\/\/max.pro.br\/index.php?rest_route=\/wp\/v2\/pages\/165","targetHints":{"allow":["GET"]}}],"collection":[{"href":"https:\/\/max.pro.br\/index.php?rest_route=\/wp\/v2\/pages"}],"about":[{"href":"https:\/\/max.pro.br\/index.php?rest_route=\/wp\/v2\/types\/page"}],"author":[{"embeddable":true,"href":"https:\/\/max.pro.br\/index.php?rest_route=\/wp\/v2\/users\/1"}],"replies":[{"embeddable":true,"href":"https:\/\/max.pro.br\/index.php?rest_route=%2Fwp%2Fv2%2Fcomments&post=165"}],"version-history":[{"count":8,"href":"https:\/\/max.pro.br\/index.php?rest_route=\/wp\/v2\/pages\/165\/revisions"}],"predecessor-version":[{"id":2203,"href":"https:\/\/max.pro.br\/index.php?rest_route=\/wp\/v2\/pages\/165\/revisions\/2203"}],"wp:attachment":[{"href":"https:\/\/max.pro.br\/index.php?rest_route=%2Fwp%2Fv2%2Fmedia&parent=165"}],"curies":[{"name":"wp","href":"https:\/\/api.w.org\/{rel}","templated":true}]}}