{"id":27,"date":"2011-06-18T19:48:11","date_gmt":"2011-06-18T22:48:11","guid":{"rendered":"http:\/\/cmca.srv.br\/blogmax\/?page_id=27"},"modified":"2014-01-21T15:14:14","modified_gmt":"2014-01-21T17:14:14","slug":"avaliacao","status":"publish","type":"page","link":"https:\/\/max.pro.br\/?page_id=27","title":{"rendered":"Avalia\u00e7\u00e3o"},"content":{"rendered":"<p style=\"text-align: right;\"><strong><span style=\"font-size: xx-small;\"><span style=\"color: #ff0000;\"><strong><a href=\"?page_id=21\">GERAL<\/a><\/strong><\/span><em><\/em>&#8211; <a href=\"?page_id=54\">DOC\u00caNCIA<\/a> &#8211;\u00a0 <a href=\"?page_id=25\">BANCO DE DADOS <\/a>&#8211; <em><span style=\"color: #ff0000;\">AVALIA\u00c7\u00c3O<\/span><\/em><a href=\"?page_id=27\"><br \/>\n<\/a><\/span><\/strong><\/p>\n<p>Minha experi\u00eancia com o tema avalia\u00e7\u00e3o (al\u00e9m da viv\u00eancia docente e discente) <strong><span style=\"text-decoration: underline;\">iniciou-se em 1996<\/span><\/strong>, durante o desenvolvimento da disserta\u00e7\u00e3o do mestrado em Ci\u00eancia da Informa\u00e7\u00e3o. Nessa \u00e9poca trabalhei na ent\u00e3o rec\u00e9m-criada <strong>Telemig Celular<\/strong>, na <strong>Assessoria de Planejamento<\/strong>, sendo respons\u00e1vel pela coleta de dados, formata\u00e7\u00e3o e an\u00e1lise do Relat\u00f3rio Gerencial de Avalia\u00e7\u00e3o de Desempenho com informa\u00e7\u00f5es de todas as \u00e1reas da empresa. Esse Relat\u00f3rio subsidiou em parte o processo de abertura de a\u00e7\u00f5es na Bolsa de Nova Iorque (IPO \u2013 Initial public offering) e privatiza\u00e7\u00e3o da Telemig Celular, que foi na \u00e9poca a empresa com maior \u00e1gio sobre o valor inicial do leil\u00e3o do Sistema Telebr\u00e1s.<\/p>\n<p>Em 1999 trabalhei com a modelagem de uma ferramenta computacional, consultoria e doc\u00eancia em BSC (<strong><em>Balanced ScoreCard<\/em><\/strong>), sendo respons\u00e1vel pela modelagem do sistema mais tarde denominado FlexSI: software de gerenciamento de performance e mensura\u00e7\u00e3o de desempenho desenvolvido pela Fiber e o <strong>primeiro na Am\u00e9rica Latina<\/strong> a ser certificado pelo Balanced Scorecard Collaborative \u2013 BSCol, instituto e centro de excel\u00eancia em assuntos relacionados ao Balanced Scorecard, fundado pelos renomados professores Robert Kaplan e David Norton, da <strong><em>Harvard University<\/em><\/strong>, que instituiu um certificado em n\u00edvel mundial para empresas que utilizam a metodologia do BSC.<\/p>\n<p>Em <strong>Institui\u00e7\u00f5es de Ensino Superior<\/strong>, al\u00e9m da doc\u00eancia em cursos de gradua\u00e7\u00e3o e p\u00f3s-gradua\u00e7\u00e3o, trabalhei na equipe respons\u00e1vel pelo desenho e confec\u00e7\u00e3o do primeiro Plano de Desenvolvimento Institucional (<strong>PDI<\/strong>) na FEAD \u2013 Centro de Gest\u00e3o Empreendedora \u2013 documento este inclusive bastante elogiado pelo MEC. Tamb\u00e9m fui integrante da equipe respons\u00e1vel pela atualiza\u00e7\u00e3o do PDI para o per\u00edodo 2007-2011, assim como pela reestrutura\u00e7\u00e3o da Comiss\u00e3o Pr\u00f3pria de Avalia\u00e7\u00e3o (<strong>CPA<\/strong>) da mesma Institui\u00e7\u00e3o, da qual fui vice-presidente, participando de todo o processo de elabora\u00e7\u00e3o, coleta e an\u00e1lise de dados e elabora\u00e7\u00e3o dos Relat\u00f3rios de Auto-Avalia\u00e7\u00e3o Institucional enviados ao MEC para os tri\u00eanios 2004-2006 e 2006-2008.<\/p>\n<p>Para facilitar a coleta e an\u00e1lise de dados das pesquisas realizadas pela CPA fui respons\u00e1vel pelo projeto e implanta\u00e7\u00e3o de um sistema de question\u00e1rios on-line. A partir desse sistema o <strong>N\u00facleo de Avalia\u00e7\u00e3o Institucional<\/strong> (NAvI) pode montar os question\u00e1rios de forma independente do setor de inform\u00e1tica, parametrizando per\u00edodos de aplica\u00e7\u00e3o e direcionando o p\u00fablico-alvo de cada question\u00e1rio. Os resultados s\u00e3o gerados instantaneamente pelo sistema, mesmo durante o per\u00edodo de aplica\u00e7\u00e3o, permitindo inclusive o acompanhamento da participa\u00e7\u00e3o da comunidade acad\u00eamica. O sistema permite ainda filtrar os resultados por curso, turno, per\u00edodo, disciplina, docente, ou qualquer outro segmento de classifica\u00e7\u00e3o cadastrado na montagem do relat\u00f3rio.<\/p>\n<p>Em Institui\u00e7\u00f5es de Ensino Superior, tamb\u00e9m participei dos processos de credenciamento e avalia\u00e7\u00e3o de diversos cursos de gradua\u00e7\u00e3o e p\u00f3s-gradua\u00e7\u00e3o &#8211; mestrado profissionalizante.<\/p>\n<p style=\"text-align: left;\"><strong><span style=\"font-size: xx-small;\"><span style=\"color: #ff0000;\"><strong><a href=\"?page_id=21\">GERAL<\/a><\/strong><\/span><em><\/em>&#8211; <a href=\"?page_id=54\">DOC\u00caNCIA<\/a> &#8211; <a href=\"?page_id=25\">BANCO DE DADOS <\/a>&#8211; <em><span style=\"color: #ff0000;\">AVALIA\u00c7\u00c3O<\/span><\/em><\/span><\/strong><\/p>\n","protected":false},"excerpt":{"rendered":"<p>GERAL&#8211; DOC\u00caNCIA &#8211;\u00a0 BANCO DE DADOS &#8211; AVALIA\u00c7\u00c3O Minha experi\u00eancia com o tema avalia\u00e7\u00e3o (al\u00e9m da viv\u00eancia docente e discente) &hellip; <span class=\"more-link\"><a href=\"https:\/\/max.pro.br\/?page_id=27\">Continue Reading<\/a><\/span><\/p>\n","protected":false},"author":1,"featured_media":0,"parent":21,"menu_order":3,"comment_status":"closed","ping_status":"closed","template":"","meta":{"footnotes":""},"class_list":["post-27","page","type-page","status-publish","hentry"],"_links":{"self":[{"href":"https:\/\/max.pro.br\/index.php?rest_route=\/wp\/v2\/pages\/27","targetHints":{"allow":["GET"]}}],"collection":[{"href":"https:\/\/max.pro.br\/index.php?rest_route=\/wp\/v2\/pages"}],"about":[{"href":"https:\/\/max.pro.br\/index.php?rest_route=\/wp\/v2\/types\/page"}],"author":[{"embeddable":true,"href":"https:\/\/max.pro.br\/index.php?rest_route=\/wp\/v2\/users\/1"}],"replies":[{"embeddable":true,"href":"https:\/\/max.pro.br\/index.php?rest_route=%2Fwp%2Fv2%2Fcomments&post=27"}],"version-history":[{"count":6,"href":"https:\/\/max.pro.br\/index.php?rest_route=\/wp\/v2\/pages\/27\/revisions"}],"predecessor-version":[{"id":1984,"href":"https:\/\/max.pro.br\/index.php?rest_route=\/wp\/v2\/pages\/27\/revisions\/1984"}],"up":[{"embeddable":true,"href":"https:\/\/max.pro.br\/index.php?rest_route=\/wp\/v2\/pages\/21"}],"wp:attachment":[{"href":"https:\/\/max.pro.br\/index.php?rest_route=%2Fwp%2Fv2%2Fmedia&parent=27"}],"curies":[{"name":"wp","href":"https:\/\/api.w.org\/{rel}","templated":true}]}}