{"id":353,"date":"2012-06-25T21:19:17","date_gmt":"2012-06-25T23:19:17","guid":{"rendered":"http:\/\/cmca.srv.br\/blogmax\/?page_id=353"},"modified":"2014-05-02T15:06:16","modified_gmt":"2014-05-02T17:06:16","slug":"distribuicao-de-pontos-gic","status":"publish","type":"page","link":"https:\/\/max.pro.br\/?page_id=353","title":{"rendered":"GIC &#8211; Avalia\u00e7\u00e3o"},"content":{"rendered":"<p style=\"text-align: right;\"><span style=\"font-size: xx-small;\"><strong><a href=\"?page_id=117\">INTRODU\u00c7\u00c3O<\/a> &#8211; <a href=\"?page_id=370\">DISCIPLINA<\/a> &#8211; <a href=\"?page_id=347\">BIBLIOGRAFIA<\/a> &#8211; <em><span style=\"color: #ff0000;\">AVALIA\u00c7\u00c3O <\/span><\/em> &#8211; <a href=\"?page_id=653\">DEPOIMENTOS<\/a><\/strong><\/span><\/p>\n<p><strong>GIC integrada a outras disciplinas \u2013 grupo de <span style=\"text-decoration: underline;\">at\u00e9 4 alunos<\/span> \u2013 40 pontos<\/strong><\/p>\n<p style=\"padding-left: 30px;\"><strong>Par\u00e2metros<\/strong>: 2 a 3 p\u00e1ginas; apresentar um resumo <span style=\"text-decoration: underline;\">PESSOAL<\/span> (com as pr\u00f3prias palavras) sobre o que \u00e9 GIC, qual \u00e9 a sua import\u00e2ncia para a sua forma\u00e7\u00e3o profissional e qual a rela\u00e7\u00e3o entre o conte\u00fado desta disciplina e pelo menos 5 outras disciplinas do seu curso. Para as disciplinas ainda n\u00e3o cursadas, os alunos podem apresentar o trabalho com base na sua expectativa em rela\u00e7\u00e3o \u00e0s mesmas.<\/p>\n<p style=\"padding-left: 30px;\"><strong>Desenvolvimento<\/strong>: o trabalho ser\u00e1 realizado usando o DRIVE, a partir de um documento criado por um dos integrantes do grupo, que dever\u00e1 ser compartilhado com todos do grupo e com o professor (maxcmattos.prof@gmail.com). A evolu\u00e7\u00e3o do trabalho ser\u00e1 avaliada (10 pontos) uma semana antes da entrega final.<\/p>\n<p style=\"padding-left: 30px;\"><strong>Prazo de entrega<\/strong>: at\u00e9 um dia ap\u00f3s a \u00faltima aula.<\/p>\n<p><strong>Estudo dirigido \u2013 grupo de at\u00e9 6 alunos \u2013 20 pontos<\/strong><\/p>\n<p style=\"padding-left: 30px;\"><strong>Em sala de aula<\/strong>: entregar no dia da aula, ap\u00f3s a discuss\u00e3o.<\/p>\n<p><strong>Apresenta\u00e7\u00e3o em grupo de <span style=\"text-decoration: underline;\">at\u00e9 6 alunos<\/span> \u2013 30 pontos (ou resenha individual)<\/strong><\/p>\n<p style=\"padding-left: 30px;\"><strong>Tema<\/strong>: apresenta\u00e7\u00e3o de um caso pr\u00e1tico. Pode ser um estudo de caso (artigo) ou um relato da pr\u00f3pria empresa, <span style=\"text-decoration: underline;\">vinculados aos conceitos discutidos em sala<\/span>.<\/p>\n<p style=\"padding-left: 30px;\"><strong>Roteiro<\/strong>: 5 pontos. Par\u00e2metros: at\u00e9 2 p\u00e1ginas, contendo um resumo da apresenta\u00e7\u00e3o e a refer\u00eancia do material utilizado. A ser distribu\u00eddo para todos os alunos e professor, por email, no m\u00e1ximo 2 dias antes da apresenta\u00e7\u00e3o.<\/p>\n<p style=\"padding-left: 30px;\"><strong>Apresenta\u00e7\u00e3o<\/strong>: 25 pontos. Tempo: 15 a 20 minutos. Apresenta\u00e7\u00e3o livre no \u00faltimo dia de aula. N\u00e3o \u00e9 obrigat\u00f3ria a participa\u00e7\u00e3o de todos do grupo, mas todos devem estar presentes para responder \u00e0s perguntas direcionadas do professor e da turma.<\/p>\n<p><strong>Participa\u00e7\u00e3o \u2013 individual \u2013 10 pontos<\/strong><\/p>\n<p style=\"padding-left: 30px;\">Divididos proporcionalmente para cada aula.<\/p>\n<p><strong>Reposi\u00e7\u00e3o de trabalhos (Estudo dirigido ou Apresenta\u00e7\u00e3o em grupo) &#8211; individual<\/strong><\/p>\n<p style=\"padding-left: 30px;\"><strong>Par\u00e2metros<\/strong>: 3 a 5 p\u00e1ginas; apresentar uma resenha PESSOAL sobre um dos textos listados na <a title=\"GIC \u2013 Bibliografia\" href=\"?page_id=347\">Bibliografia Complementar<\/a>.<\/p>\n<p style=\"padding-left: 30px;\"><strong>Prazo de entrega<\/strong>: at\u00e9 um dia ap\u00f3s a \u00faltima aula, por email.<\/p>\n<p><strong>Considera\u00e7\u00f5es importantes<\/strong><\/p>\n<p style=\"padding-left: 30px;\"><strong>Par\u00e2metros gerais<\/strong>: para os trabalhos escritos, usar: fonte TIMES 12; espa\u00e7amento simples entre linhas; todas as margens com 2 cm; numera\u00e7\u00e3o de p\u00e1ginas inferior canto direito. Identificar o trabalho, turma, autores e bibliografia utilizada.<\/p>\n<p style=\"padding-left: 30px;\"><strong>Crit\u00e9rios de avalia\u00e7\u00e3o<\/strong>: originalidade; pertin\u00eancia do conte\u00fado; linguagem adequada; par\u00e2metros gerais e espec\u00edficos definidos para cada trabalho.<\/p>\n<p style=\"padding-left: 30px;\">Todos os trabalhos devem ser entregues por email nos prazos definidos. Identificar a turma e pedir comprova\u00e7\u00e3o de recebimento. <strong>Trabalhos entregues ap\u00f3s o prazo<\/strong>: nota m\u00e1xima reduzida em 25% ao dia (inclusive s\u00e1bados, domingos e feriados).<\/p>\n<p style=\"padding-left: 30px;\"><span style=\"text-decoration: underline;\"><strong>Importante<\/strong><\/span>: <span style=\"color: #ff0000;\">trabalhos que possuam ao menos um par\u00e1grafo copiado integralmente da internet receber\u00e3o nota <em>zero<\/em>, sem direito a reposi\u00e7\u00e3o, independente do prazo de entrega<\/span>.<\/p>\n<p><span style=\"font-size: xx-small;\"><strong><a href=\"?page_id=117\">INTRODU\u00c7\u00c3O<\/a> &#8211; <a href=\"?page_id=370\">DISCIPLINA<\/a> &#8211; <a href=\"?page_id=347\">BIBLIOGRAFIA<\/a> &#8211; <em><span style=\"color: #ff0000;\">AVALIA\u00c7\u00c3O <\/span><\/em> &#8211; <a href=\"?page_id=653\">DEPOIMENTOS<\/a><\/strong><\/span><\/p>\n","protected":false},"excerpt":{"rendered":"<p>INTRODU\u00c7\u00c3O &#8211; DISCIPLINA &#8211; BIBLIOGRAFIA &#8211; AVALIA\u00c7\u00c3O &#8211; DEPOIMENTOS GIC integrada a outras disciplinas \u2013 grupo de at\u00e9 4 alunos &hellip; <span class=\"more-link\"><a href=\"https:\/\/max.pro.br\/?page_id=353\">Continue Reading<\/a><\/span><\/p>\n","protected":false},"author":1,"featured_media":0,"parent":117,"menu_order":0,"comment_status":"closed","ping_status":"closed","template":"","meta":{"footnotes":""},"class_list":["post-353","page","type-page","status-publish","hentry"],"_links":{"self":[{"href":"https:\/\/max.pro.br\/index.php?rest_route=\/wp\/v2\/pages\/353","targetHints":{"allow":["GET"]}}],"collection":[{"href":"https:\/\/max.pro.br\/index.php?rest_route=\/wp\/v2\/pages"}],"about":[{"href":"https:\/\/max.pro.br\/index.php?rest_route=\/wp\/v2\/types\/page"}],"author":[{"embeddable":true,"href":"https:\/\/max.pro.br\/index.php?rest_route=\/wp\/v2\/users\/1"}],"replies":[{"embeddable":true,"href":"https:\/\/max.pro.br\/index.php?rest_route=%2Fwp%2Fv2%2Fcomments&post=353"}],"version-history":[{"count":6,"href":"https:\/\/max.pro.br\/index.php?rest_route=\/wp\/v2\/pages\/353\/revisions"}],"predecessor-version":[{"id":2038,"href":"https:\/\/max.pro.br\/index.php?rest_route=\/wp\/v2\/pages\/353\/revisions\/2038"}],"up":[{"embeddable":true,"href":"https:\/\/max.pro.br\/index.php?rest_route=\/wp\/v2\/pages\/117"}],"wp:attachment":[{"href":"https:\/\/max.pro.br\/index.php?rest_route=%2Fwp%2Fv2%2Fmedia&parent=353"}],"curies":[{"name":"wp","href":"https:\/\/api.w.org\/{rel}","templated":true}]}}