{"id":54,"date":"2011-06-19T21:47:30","date_gmt":"2011-06-20T00:47:30","guid":{"rendered":"http:\/\/cmca.srv.br\/blogmax\/?page_id=54"},"modified":"2015-06-06T09:05:05","modified_gmt":"2015-06-06T12:05:05","slug":"docencia","status":"publish","type":"page","link":"https:\/\/max.pro.br\/?page_id=54","title":{"rendered":"Doc\u00eancia"},"content":{"rendered":"<p style=\"text-align: right;\"><strong><span style=\"font-size: xx-small;\"><em><strong><a title=\"Experi\u00eancia\" href=\"?page_id=21\">GERAL<\/a><\/strong><\/em><em><strong> &#8211; <\/strong><span style=\"color: #ff0000;\">DOC\u00caNCIA<\/span><\/em> &#8211; <a href=\"?page_id=25\">BANCO DE DADOS <\/a>&#8211; <a href=\"?page_id=27\">AVALIA\u00c7\u00c3O<\/a><\/span><\/strong><\/p>\n<p><strong>Disciplinas lecionadas em Cursos de Mestrado Profissional \/ Acad\u00eamico (curso, IES, ano)<\/strong><\/p>\n<ul>\n<li><strong>Estrat\u00e9gia e Competitividade<\/strong> (Mestrado Profissional em Administra\u00e7\u00e3o, UNA, 2.015)<\/li>\n<\/ul>\n<p><strong>Disciplinas lecionadas em Cursos de Especializa\u00e7\u00e3o \/ MBA (curso, IES, ano)<\/strong><\/p>\n<ul>\n<li><strong>Gest\u00e3o do Conhecimento<\/strong> (Gest\u00e3o Estrat\u00e9gica de Pessoas, FUMEC, desde 2.009)<\/li>\n<li><strong>Gest\u00e3o da Informa\u00e7\u00e3o e do Conhecimento<\/strong> \/ <strong>Gest\u00e3o do Conhecimento e da Inova\u00e7\u00e3o<\/strong> (N\u00facleo de Forma\u00e7\u00e3o Gerencial, UNI-BH, 2.012\/13). Cursos: MBA em Gest\u00e3o Estrat\u00e9gica de Pessoas, MBA em Gest\u00e3o de Projetos, MBA em Gest\u00e3o de Neg\u00f3cios, MBA em Gest\u00e3o Estrat\u00e9gica da Log\u00edstica e Produ\u00e7\u00e3o, MBA em Comunica\u00e7\u00e3o Estrat\u00e9gica e Branding, MBA em Gest\u00e3o de Custos e Controladoria.<\/li>\n<li><strong>Sistemas de Informa\u00e7\u00e3o e Tecnologia<\/strong> (Consultoria Cont\u00e1bil, Newton Paiva, 2.005)<\/li>\n<li><strong>Gest\u00e3o da Informa\u00e7\u00e3o e Tecnologia Educacional<\/strong> (Gest\u00e3o Estrat\u00e9gica &#8211; Institui\u00e7\u00f5es Ensino Superior, Promove, 2.004)<\/li>\n<li><strong>Controles Internos e Sistemas de Informa\u00e7\u00f5es &#8211; ERP<\/strong> (Gest\u00e3o e Controladoria, Newton Paiva, 2.003)<\/li>\n<li><strong>BSC &#8211; Balanced Score Card<\/strong> (Gest\u00e3o e Controladoria, Newton Paiva, 2.001-2)<\/li>\n<li><strong>ERP &#8211; Sistemas de Gest\u00e3o Integrada<\/strong> (Consultoria Cont\u00e1bil, Newton Paiva, 2.002)<\/li>\n<li><strong>Ger\u00eancia da Informa\u00e7\u00e3o e Controles Internos<\/strong> (Controladoria \/ Gest\u00e3o e Controladoria, Newton Paiva, 2.001)<\/li>\n<li><strong>Capital Intelectual<\/strong> (Consultoria Cont\u00e1bil, Newton Paiva, 2.001)<\/li>\n<li><strong>Controle de Conglomerados<\/strong> (Gest\u00e3o e Controladoria, Newton Paiva, 2.001)<\/li>\n<li><strong>O uso da informa\u00e7\u00e3o na tomada de decis\u00f5es<\/strong> (Gest\u00e3o em Servi\u00e7os P\u00fablicos Municipais, FEAD, 2.000)<\/li>\n<li><strong>Conceitos e Projetos de Sistemas de Informa\u00e7\u00e3o<\/strong> (Gest\u00e3o Estrat\u00e9gica, Faculdade de Administra\u00e7\u00e3o de Governador Valadares, 1.998)<\/li>\n<li><strong>Recursos Informacionais<\/strong> (Gest\u00e3o Estrat\u00e9gica, Funda\u00e7\u00e3o Jo\u00e3o Pinheiro, 1.997)<\/li>\n<\/ul>\n<p><strong>Disciplinas lecionadas em Cursos de Gradua\u00e7\u00e3o (curso, IES, per\u00edodo)<\/strong><\/p>\n<ul>\n<li><strong>Inform\u00e1tica Aplicada \u00e0s Ci\u00eancias Agr\u00e1rias<\/strong> (Medicina Veterin\u00e1ria, Agronomia e Zootecnia; FEAD; 2.009-10)<\/li>\n<li><strong>Administra\u00e7\u00e3o de Sistemas de Informa\u00e7\u00e3o<\/strong> (Administra\u00e7\u00e3o; FEAD; 2.009-10)<\/li>\n<li><strong>Elabora\u00e7\u00e3o e An\u00e1lise de Projetos<\/strong> (Turismo e Hotelaria; FEAD; 2.005-6)<\/li>\n<li><strong>T\u00f3picos Especiais<\/strong> (Turismo e Hotelaria; FEAD; 2.005-6)<\/li>\n<li><strong>Administra\u00e7\u00e3o de Sistemas de Informa\u00e7\u00e3o<\/strong> (Administra\u00e7\u00e3o; FEAD; 2.001-3)<\/li>\n<li><strong>Projeto e Automa\u00e7\u00e3o de Sistemas Administrativos<\/strong> (Administra\u00e7\u00e3o; FEAD; 2.001-3)<\/li>\n<\/ul>\n<p style=\"text-align: left;\"><strong><span style=\"font-size: xx-small;\"><em><strong><a title=\"Experi\u00eancia\" href=\"?page_id=21\">GERAL<\/a><\/strong><\/em><em><strong> &#8211; <\/strong><span style=\"color: #ff0000;\">DOC\u00caNCIA<\/span><\/em> &#8211;\u00a0<a href=\"?page_id=25\">BANCO DE DADOS <\/a>&#8211; <a href=\"?page_id=27\">AVALIA\u00c7\u00c3O<\/a><\/span><\/strong><\/p>\n","protected":false},"excerpt":{"rendered":"<p>GERAL &#8211; DOC\u00caNCIA &#8211; BANCO DE DADOS &#8211; AVALIA\u00c7\u00c3O Disciplinas lecionadas em Cursos de Mestrado Profissional \/ Acad\u00eamico (curso, IES, &hellip; <span class=\"more-link\"><a href=\"https:\/\/max.pro.br\/?page_id=54\">Continue Reading<\/a><\/span><\/p>\n","protected":false},"author":1,"featured_media":0,"parent":21,"menu_order":2,"comment_status":"closed","ping_status":"closed","template":"","meta":{"footnotes":""},"class_list":["post-54","page","type-page","status-publish","hentry"],"_links":{"self":[{"href":"https:\/\/max.pro.br\/index.php?rest_route=\/wp\/v2\/pages\/54","targetHints":{"allow":["GET"]}}],"collection":[{"href":"https:\/\/max.pro.br\/index.php?rest_route=\/wp\/v2\/pages"}],"about":[{"href":"https:\/\/max.pro.br\/index.php?rest_route=\/wp\/v2\/types\/page"}],"author":[{"embeddable":true,"href":"https:\/\/max.pro.br\/index.php?rest_route=\/wp\/v2\/users\/1"}],"replies":[{"embeddable":true,"href":"https:\/\/max.pro.br\/index.php?rest_route=%2Fwp%2Fv2%2Fcomments&post=54"}],"version-history":[{"count":6,"href":"https:\/\/max.pro.br\/index.php?rest_route=\/wp\/v2\/pages\/54\/revisions"}],"predecessor-version":[{"id":2154,"href":"https:\/\/max.pro.br\/index.php?rest_route=\/wp\/v2\/pages\/54\/revisions\/2154"}],"up":[{"embeddable":true,"href":"https:\/\/max.pro.br\/index.php?rest_route=\/wp\/v2\/pages\/21"}],"wp:attachment":[{"href":"https:\/\/max.pro.br\/index.php?rest_route=%2Fwp%2Fv2%2Fmedia&parent=54"}],"curies":[{"name":"wp","href":"https:\/\/api.w.org\/{rel}","templated":true}]}}