{"id":819,"date":"2012-07-10T21:16:29","date_gmt":"2012-07-10T23:16:29","guid":{"rendered":"http:\/\/cmca.srv.br\/blogmax\/?page_id=819"},"modified":"2015-09-29T09:00:07","modified_gmt":"2015-09-29T12:00:07","slug":"producao","status":"publish","type":"page","link":"https:\/\/max.pro.br\/?page_id=819","title":{"rendered":"Produ\u00e7\u00e3o"},"content":{"rendered":"<p style=\"text-align: right;\">&#8220;<strong>Se voc\u00ea n\u00e3o concordar, n\u00e3o posso me desculpar &#8211; n\u00e3o canto pr\u00e1 enganar.<\/strong><br \/>\n<strong>Vou pegar minha viola, vou deixar voc\u00ea de lado, <a href=\"http:\/\/www.youtube.com\/watch?v=jpGm5aDZIAk&amp;list=PL5ADF96DD3EB33704&amp;index=28\" target=\"_blank\">vou cantar noutro lugar<\/a><\/strong>&#8221;<br \/>\nGeraldo Vandr\u00e9<\/p>\n<p><span style=\"text-decoration: underline; color: #000000;\"><strong>Artigos<\/strong><\/span><\/p>\n<ul>\n<li>MATTOS, Max Cirino de;\u00a0<a title=\"Plataforma LATTES\" href=\"http:\/\/buscatextual.cnpq.br\/buscatextual\/visualizacv.do?metodo=apresentar&amp;id=K4781019E7\" target=\"_blank\">CENDON, Beatriz Valadares<\/a>.\u00a0<a href=\"_arquivos\/2015-PCI.pdf\" target=\"_blank\">An\u00e1lise autom\u00e1tica de cita\u00e7\u00f5es dispon\u00edveis em arquivos XML do SciELO: o peri\u00f3dico \u201cPerspectivas em Ci\u00eancia da Informa\u00e7\u00e3o\u201d em n\u00fameros<\/a>. <a title=\"Perspectivas em Ci\u00eancia da Informa\u00e7\u00e3o\" href=\"http:\/\/portaldeperiodicos.eci.ufmg.br\/index.php\/pci\" target=\"_blank\"><em>Perspectivas em Ci\u00eancia da Informa\u00e7\u00e3o<\/em><\/a>, Belo Horizonte, v. 20, n. 1, p.156-70, 2015. ISSN 1981-5344<\/li>\n<\/ul>\n<ul>\n<li>MATTOS, Max Cirino de;\u00a0<a title=\"Plataforma LATTES\" href=\"http:\/\/buscatextual.cnpq.br\/buscatextual\/visualizacv.do?metodo=apresentar&amp;id=K4781019E7\" target=\"_blank\">CENDON, Beatriz Valadares<\/a>.\u00a0<a title=\"Artigo na Informa\u00e7\u00e3o &amp; Tecnologia\" href=\"_arquivos\/2014-ITEC.pdf\" target=\"_blank\">Cria\u00e7\u00e3o autom\u00e1tica de uma base de cita\u00e7\u00f5es para o SciELO a partir dos seus arquivos XML<\/a>.\u00a0<a title=\"Informa\u00e7\u00e3o &amp; Tecnologia\" href=\"http:\/\/periodicos.ufpb.br\/ojs2\/index.php\/itec\/index\" target=\"_blank\"><em>Informa\u00e7\u00e3o &amp; Tecnologia<\/em><\/a>, Jo\u00e3o Pessoa, v. 1, n. 1, p.42-67, 2014. ISSN 2358-3908<\/li>\n<\/ul>\n<ul>\n<li>GUIMAR\u00c3ES, Maria Cristina Soares,; SILVA, C\u00edcera Henrique da; LINS, Rosane A.; MATTOS, Max Cirino de;\u00a0<a title=\"Plataforma LATTES\" href=\"http:\/\/buscatextual.cnpq.br\/buscatextual\/visualizacv.do?metodo=apresentar&amp;id=K4781019E7\" target=\"_blank\">CENDON, Beatriz Valadares<\/a>. <a href=\"_arquivos\/2014-Tendencias.pdf\" target=\"_blank\">Produ\u00e7\u00e3o cient\u00edfica em dengue: um olhar a partir da Cole\u00e7\u00e3o Brasil da SciELO<\/a>. <em><a href=\"http:\/\/inseer.ibict.br\/ancib\/index.php\/tpbci\/index\" target=\"_blank\">Tend\u00eancias da Pesquisa Brasileira em Ci\u00eancia da Informa\u00e7\u00e3o<\/a><\/em>, Belo Horizonte, v. 7, n. 2, p.397-415, 2014. ISSN 1983-5116<\/li>\n<\/ul>\n<ul>\n<li>CARVALHO, Frederico Aisc;\u00a0<a title=\"Plataforma LATTES\" href=\"http:\/\/buscatextual.cnpq.br\/buscatextual\/visualizacv.do?metodo=apresentar&amp;id=K4783482H4\" target=\"_blank\">GOULART, \u00cdris Barbosa<\/a>; MATTOS, Max Cirino de.\u00a0<a title=\"Artigo na Perspectivas em Gest\u00e3o e Conhecimento\" href=\"_arquivos\/2013-PGC.pdf\" target=\"_blank\">Construindo o Conhecimento: um caminho sugerido pela Psicologia e pela Ci\u00eancia da Informa\u00e7\u00e3o<\/a>.\u00a0<a title=\"Perspectivas em Gestao &amp; Conhecimento\" href=\"http:\/\/periodicos.ufpb.br\/ojs2\/index.php\/pgc\/index\" target=\"_blank\"><em>Perspectivas em Gest\u00e3o &amp; Conhecimento<\/em><\/a>, Jo\u00e3o Pessoa, n. esp., v. 3, p.18-29, 2013. ISSN 2236-417X<\/li>\n<\/ul>\n<ul>\n<li>MATTOS, Max Cirino de; <a title=\"Plataforma LATTES\" href=\"http:\/\/buscatextual.cnpq.br\/buscatextual\/visualizacv.do?id=K4471693J5\" target=\"_blank\">FERNANDES, Wesley Rodrigo<\/a>; <a title=\"Plataforma LATTES\" href=\"http:\/\/buscatextual.cnpq.br\/buscatextual\/visualizacv.do?metodo=apresentar&amp;id=K4781019E7\" target=\"_blank\">CENDON, Beatriz Valadares<\/a>. <a href=\".\/_arquivos\/2013-RBPG.pdf\" target=\"_blank\">Proposta de cria\u00e7\u00e3o de um indicador para an\u00e1lise da adequa\u00e7\u00e3o da cole\u00e7\u00e3o do Portal de Peri\u00f3dicos da CAPES \u00e0 produ\u00e7\u00e3o cient\u00edfica nacional<\/a>. <a title=\"Revista Brasileira de P\u00f3s-gradua\u00e7\u00e3o\" href=\"http:\/\/www2.capes.gov.br\/rbpg\/\" target=\"_blank\"><em>Revista Brasileira de P\u00f3s-Gradua\u00e7\u00e3o<\/em><\/a>, Bras\u00edlia, v. 10, n. 19, p. 87-112, mar\u00e7o de 2013. ISSN 1806-8405<\/li>\n<\/ul>\n<ul>\n<li>MATTOS, Max Cirino de;\u00a0<a title=\"Peter Dudley\" href=\"http:\/\/www.linkedin.com\/pub\/peter-dudley\/23\/9b7\/1aa\" target=\"_blank\">DUDLEY, Peter<\/a>.\u00a0<a title=\"Uma introdu\u00e7\u00e3o \u00e0 Tectologia de Bogdanov: reflex\u00f5es para a transdisciplinaridade?\" href=\"_arquivos\/2012-PRISMA.pdf\" target=\"_blank\">Uma introdu\u00e7\u00e3o \u00e0 Tectologia de Bogdanov: reflex\u00f5es para a transdisciplinaridade?<\/a> <a href=\"http:\/\/revistas.ua.pt\/index.php\/prismacom\/index\" target=\"_blank\"><em>Revista PRISMA<\/em><\/a>, Portugal, n. 18, p.1-21, 2012. ISSN 1646-3153<\/li>\n<\/ul>\n<ul>\n<li>MATTOS, Max Cirino de;\u00a0<a title=\"Plataforma LATTES\" href=\"http:\/\/buscatextual.cnpq.br\/buscatextual\/visualizacv.do?metodo=apresentar&amp;id=K4783482H4\" target=\"_blank\">GOULART, \u00cdris Barbosa<\/a>. <a title=\"Da possibilidade de uma GIC ampla: reflex\u00f5es iniciais entre a Ci\u00eancia da Informa\u00e7\u00e3o e a Psicologia Social\" href=\"_arquivos\/2012-PGC.pdf\" target=\"_blank\">Da possibilidade de uma GIC ampla: reflex\u00f5es iniciais entre a Ci\u00eancia da Informa\u00e7\u00e3o e a Psicologia Social<\/a>. <a title=\"Perspectivas em Gestao &amp; Conhecimento\" href=\"http:\/\/periodicos.ufpb.br\/ojs2\/index.php\/pgc\/index\" target=\"_blank\"><em>Perspectivas em Gest\u00e3o &amp; Conhecimento<\/em><\/a>, Jo\u00e3o Pessoa, n.2, v. 2, p.65-81, jul\/dez. 2012. ISSN 2236-417X<\/li>\n<\/ul>\n<ul>\n<li>MATTOS, Max Cirino de; <a title=\"Plataforma LATTES\" href=\"http:\/\/buscatextual.cnpq.br\/buscatextual\/visualizacv.do?metodo=apresentar&amp;id=K4162059E1\" target=\"_blank\">MATOS, Andityas Soares de Moura Costa<\/a>. <a title=\"Da possibilidade de uma Teoria Pura da Ci\u00eancia da Informa\u00e7\u00e3o\" href=\"_arquivos\/2012-PCI.pdf\" target=\"_blank\">Da possibilidade de uma Teoria Pura da Ci\u00eancia da Informa\u00e7\u00e3o: reflex\u00f5es iniciais entre a Ci\u00eancia da Informa\u00e7\u00e3o e a Ci\u00eancia do Direito<\/a>. <a title=\"Perspectivas em Ci\u00eancia da Informa\u00e7\u00e3o\" href=\"http:\/\/portaldeperiodicos.eci.ufmg.br\/index.php\/pci\" target=\"_blank\"><em>Perspectivas em Ci\u00eancia da Informa\u00e7\u00e3o<\/em><\/a>, Belo Horizonte. v. 17, n. 4, p. 57-75, out.\/dez. 2012. ISSN 1981-5344<\/li>\n<\/ul>\n<ul>\n<li>MATTOS, Max Cirino de. <a title=\"O papel da tecnologia na constru\u00e7\u00e3o do conhecimento\" href=\"_arquivos\/2012-NAVUS.pdf\" target=\"_blank\">O papel da tecnologia na constru\u00e7\u00e3o do conhecimento<\/a>. <a title=\"NAVUS\" href=\"http:\/\/navus.sc.senac.br\/index.php\/navus\/index\" target=\"_blank\"><em>NAVUS &#8211; Revista de Gest\u00e3o e Tecnologia<\/em><\/a>. Florian\u00f3polis, v. 2, n. 2, p. 33 &#8211; 39, jul.\/dez. 2012. ISSN 2237-4558<\/li>\n<\/ul>\n<p><span style=\"text-decoration: underline;\"><strong>Trabalhos<\/strong><\/span><\/p>\n<ul>\n<li>GUIMAR\u00c3ES, M. C. S.; SILVA, C. H.; OLIVEIRA, M.; SANTANA, R. A. L; MATTOS, Max Cirino de; \u00a0<a title=\"Plataforma LATTES\" href=\"http:\/\/buscatextual.cnpq.br\/buscatextual\/visualizacv.do?metodo=apresentar&amp;id=K4781019E7\" target=\"_blank\">CENDON, Beatriz Valadares<\/a>. Produ\u00e7\u00e3o cient\u00edfica em dengue: um olhar a partir da Cole\u00e7\u00e3o Brasil da SciELO.\u00a0In: XV ENANCIB<strong>\u00a0\u2013\u00a0<\/strong><em>Encontro Nacional de Pesquisa em Ci\u00eancia da Informa\u00e7\u00e3o<\/em>, 2014. Belo Horizonte.\u00a0<em>Anais<\/em>\u2026 Belo Horizonte: Universidade Federal de Minas Gerais, 2014. ISSN 2177-3688<\/li>\n<\/ul>\n<ul>\n<li><span style=\"color: #222222;\">BONATTI, Rog\u00e9rio Amaral;\u00a0<span style=\"color: #326c99;\"><a href=\"http:\/\/buscatextual.cnpq.br\/buscatextual\/visualizacv.do?id=K4205255J8\" target=\"_blank\">BARACHO, R. M. A.<\/a>;\u00a0<\/span>MATTOS, Max Cirino de. Modelo de apoio a decis\u00e3o em gera\u00e7\u00e3o de energia el\u00e9trica: um estudo a partir de indicadores e par\u00e2metros.\u00a0In: XV ENANCIB<strong>\u00a0\u2013\u00a0<\/strong><em>Encontro Nacional de Pesquisa em Ci\u00eancia da Informa\u00e7\u00e3o<\/em>, 2014. Belo Horizonte.\u00a0<em>Anais<\/em>&#8230; Belo Horizonte: Universidade Federal de Minas Gerais, 2014. ISSN 2177-3688<\/span><\/li>\n<\/ul>\n<ul>\n<li>MATTOS, Max Cirino de. <a title=\"ENANCIB 2013 - GT 8\" href=\"_arquivos\/ENANCIB2013_GT8.pdf\" target=\"_blank\">Metabuscador QUALIS OJS: proposta para a cria\u00e7\u00e3o de portais de peri\u00f3dicos institucionais ou por \u00e1rea de conhecimento<\/a>. In: XIV ENANCIB<strong> \u2013 <\/strong><em>Encontro Nacional de Pesquisa em Ci\u00eancia da Informa\u00e7\u00e3o<\/em>, 2013. Florian\u00f3polis. <em>Anais<\/em>&#8230; Florian\u00f3polis: Universidade Federal de Santa Catarina, 2013.<\/li>\n<\/ul>\n<ul>\n<li>MATTOS, Max Cirino de; <a title=\"Plataforma LATTES\" href=\"http:\/\/buscatextual.cnpq.br\/buscatextual\/visualizacv.do?metodo=apresentar&amp;id=K4781019E7\" target=\"_blank\">CEND\u00d3N, Beatriz Valadares<\/a>. <a title=\"ENANCIB 2013 - GT 11\" href=\"_arquivos\/ENANCIB2013_GT11.pdf\" target=\"_blank\">A Cole\u00e7\u00e3o Sa\u00fade P\u00fablica em n\u00fameros: 1967 a 2013<\/a>. In: XIV ENANCIB<strong> \u2013 <\/strong><em>Encontro Nacional de Pesquisa em Ci\u00eancia da Informa\u00e7\u00e3o<\/em>, 2013. Florian\u00f3polis. <em>Anais<\/em>&#8230; Florian\u00f3polis: Universidade Federal de Santa Catarina, 2013.<\/li>\n<\/ul>\n<ul>\n<li>MATTOS, Max Cirino de; <a title=\"Plataforma LATTES\" href=\"http:\/\/buscatextual.cnpq.br\/buscatextual\/visualizacv.do?metodo=apresentar&amp;id=K4781019E7\" target=\"_blank\">CEND\u00d3N, Beatriz Valadares<\/a>. <a title=\"65a Reuni\u00e3o Anual SBPC\" href=\"http:\/\/www.sbpcnet.org.br\/livro\/65ra\/resumos\/resumos\/6487.htm\" target=\"_blank\">Da possibilidade de uma\u00a0<em>Web of Science<\/em>\u00a0para a Am\u00e9rica Latina e Caribe: extra\u00e7\u00e3o autom\u00e1tica de uma base de cita\u00e7\u00f5es do SCIELO para o peri\u00f3dico Perspectivas em Ci\u00eancia da Informa\u00e7\u00e3o e para a Cole\u00e7\u00e3o de Sa\u00fade P\u00fablica<\/a>. In: 65a Reuni\u00e3o Anual da SBPC \u2013 Sociedade Brasileira para o Progresso da Ci\u00eancia. Recife,\u00a0 2013. (<a title=\"SBPC 2013\" href=\"_arquivos\/2013-SBPC.jpg\" target=\"_blank\">POSTER<\/a> &#8211; <a title=\"SBPC 2013\" href=\"_arquivos\/2013-SBPC.pdf\" target=\"_blank\">Resumo<\/a>).<\/li>\n<\/ul>\n<ul>\n<li><a title=\"Plataforma LATTES\" href=\"http:\/\/buscatextual.cnpq.br\/buscatextual\/visualizacv.do?metodo=apresentar&amp;id=K4162059E1\" target=\"_blank\">MATOS, A. S. M. C.<\/a>; MATTOS, Max Cirino de. <a title=\"Da possibilidade de uma Teoria Pura da Ci\u00eancia da Informa\u00e7\u00e3o\" href=\"_arquivos\/ENANCIB2012_GT1.pdf\" target=\"_blank\">Da possibilidade de uma Teoria Pura da Ci\u00eancia da Informa\u00e7\u00e3o<\/a>. In: XIII ENANCIB<strong> \u2013 <\/strong><em>Encontro Nacional de Pesquisa em Ci\u00eancia da Informa\u00e7\u00e3o<\/em>, 2012. Rio de Janeiro. <em>Anais<\/em>&#8230; Rio de Janeiro: Funda\u00e7\u00e3o Oswaldo Cruz, 2012. (<a title=\"Da possibilidade de uma Teoria Pura da Ci\u00eancia da Informa\u00e7\u00e3o\" href=\"http:\/\/prezi.com\/5eni0yzvnm0i\/da-possibilidade-de-uma-teoria-pura-da-ciencia-da-informacao\/\" target=\"_blank\">Apresenta\u00e7\u00e3o no <em>PREZI<\/em><\/a>)<\/li>\n<\/ul>\n<ul>\n<li><a title=\"Plataforma LATTES\" href=\"http:\/\/buscatextual.cnpq.br\/buscatextual\/visualizacv.do?metodo=apresentar&amp;id=K4783482H4\" target=\"_blank\">GOULART, \u00cdris Barbosa<\/a>; MATTOS, Max Cirino de. <a title=\"Uma abordagem informacional do mundo\" href=\"_arquivos\/ENANCIB2012_GT4.pdf\" target=\"_blank\">Uma abordagem informacional do mundo: reflex\u00f5es iniciais a partir de uma GIC ampla<\/a>. In: XIII ENANCIB<strong> \u2013 <\/strong><em>Encontro Nacional de Pesquisa em Ci\u00eancia da Informa\u00e7\u00e3o<\/em>, 2012. Rio de Janeiro. <em>Anais<\/em>&#8230; Rio de Janeiro: Funda\u00e7\u00e3o Oswaldo Cruz, 2012. (<a title=\"Uma abordagem informacional do mundo\" href=\"http:\/\/prezi.com\/yjblovty6phs\/uma-abordagem-informacional-do-mundo\/\" target=\"_blank\">Apresenta\u00e7\u00e3o no <em>PREZI<\/em><\/a>)<\/li>\n<\/ul>\n<ul>\n<li>MATTOS, Max Cirino de; <a title=\"Plataforma LATTES\" href=\"http:\/\/buscatextual.cnpq.br\/buscatextual\/visualizacv.do?metodo=apresentar&amp;id=K4781019E7\" target=\"_blank\">CEND\u00d3N, Beatriz Valadares<\/a>. <a title=\"Generaliza\u00e7\u00e3o aplicada \u00e0 organiza\u00e7\u00e3o da informa\u00e7\u00e3o\" href=\"_arquivos\/contecsi2012generalizacao.pdf\" target=\"_blank\">O princ\u00edpio da generaliza\u00e7\u00e3o aplicado \u00e0 organiza\u00e7\u00e3o da informa\u00e7\u00e3o nos modelos relacionais<\/a>. In: IX CONTECSI \u2013 <em>International Conference on Information Systems and Technology Management<\/em> , 9., 2012. S\u00e3o Paulo. <em>Anais&#8230;<\/em> S\u00e3o Paulo: FEA-USP, 2012;<\/li>\n<\/ul>\n<ul>\n<li>MATTOS, Max Cirino de. <a title=\"Redund\u00e2ncia impl\u00edcita na modelagem tradicional\" href=\"_arquivos\/contecsi2012redundancia.pdf\" target=\"_blank\">A redund\u00e2ncia impl\u00edcita na modelagem relacional tradicional: uma breve introdu\u00e7\u00e3o \u00e0 modelagem essencial<\/a>. In: IX CONTECSI \u2013 <em>International Conference on Information Systems and Technology Management<\/em> , 9., 2012. S\u00e3o Paulo. <em>Anais&#8230;<\/em> S\u00e3o Paulo: FEA-USP, 2012.<\/li>\n<\/ul>\n<ul>\n<li>MATTOS, Max Cirino de ; <a title=\"Plataforma LATTES\" href=\"http:\/\/buscatextual.cnpq.br\/buscatextual\/visualizacv.do?id=K4471693J5\" target=\"_blank\">FERNANDES, W. R.<\/a> ; <a title=\"Plataforma LATTES\" href=\"http:\/\/buscatextual.cnpq.br\/buscatextual\/visualizacv.do?metodo=apresentar&amp;id=K4781019E7\" target=\"_blank\">Cend\u00f3n, Beatriz Valadares<\/a>. <a title=\"Poster ENANCIB 2010\" href=\"_arquivos\/2010ENANCIB_Poster.pdf\" target=\"_blank\">Proposta de cria\u00e7\u00e3o de um indicador para an\u00e1lise da adequa\u00e7\u00e3o da cole\u00e7\u00e3o do Portal de Peri\u00f3dicos da CAPES \u00e0 produ\u00e7\u00e3o cient\u00edfica nacional<\/a>. In: XI ENANCIB &#8211; Encontro Nacional de Pesquisa e P\u00f3s-gradua\u00e7\u00e3o em Ci\u00eancia da Informa\u00e7\u00e3o, 2010. Rio de Janeiro. <em>Anais<\/em>&#8230;\u00a0 Rio de Janeiro: IBICT-UFRJ, 2010.<\/li>\n<\/ul>\n<ul>\n<li>MATTOS, Max Cirino de ; <a title=\"Plataforma LATTES\" href=\"http:\/\/buscatextual.cnpq.br\/buscatextual\/visualizacv.do?id=K4471693J5\" target=\"_blank\">FERNANDES, W. R.<\/a> ; <a title=\"Plataforma LATTES\" href=\"http:\/\/buscatextual.cnpq.br\/buscatextual\/visualizacv.do?metodo=apresentar&amp;id=K4781019E7\" target=\"_blank\">Cend\u00f3n, Beatriz Valadares<\/a> . <a title=\"2010 - Semin\u00e1rio Internacional de Bibliotecas Digitais\" href=\"_arquivos\/2010SIBD.pdf\" target=\"_blank\">Proposta de cria\u00e7\u00e3o de um indicador para an\u00e1lise da adequa\u00e7\u00e3o da cole\u00e7\u00e3o do Portal de Peri\u00f3dicos da CAPES \u00e0 produ\u00e7\u00e3o cient\u00edfica nacional<\/a>. In: II Semin\u00e1rio Internacional de Bibliotecas Digitais &#8211; Brasil, 2010, Rio de Janeiro. Anais do II Semin\u00e1rio Internacional de Bibliotecas Digitais &#8211; Brasil, 2010.<\/li>\n<\/ul>\n<ul>\n<li>MATTOS, Max Cirino de ; <a title=\"Plataforma LATTES\" href=\"http:\/\/buscatextual.cnpq.br\/buscatextual\/visualizacv.do?id=K4237569D3\" target=\"_blank\">MARANHAO, Roberto Kaehler de Albuquerque<\/a> ; <a title=\"Plataforma LATTES\" href=\"http:\/\/buscatextual.cnpq.br\/buscatextual\/visualizacv.do?metodo=apresentar&amp;id=K4781019E7\" target=\"_blank\">Cend\u00f3n, Beatriz Valadares<\/a>. <a title=\"2o Encontro Brasileiro de Bibliometria e Cientometria\" href=\"_arquivos\/2010EBBC.pdf\" target=\"_blank\">Detalhamento de indicador autom\u00e1tico para an\u00e1lise bibliom\u00e9trica da cole\u00e7\u00e3o do Portal de peri\u00f3dicos da Capes<\/a>. 2o Encontro Brasileiro de Bibliometria e Cientometria. S\u00e3o Carlos, SP, 2010.<\/li>\n<\/ul>\n<p>&nbsp;<\/p>\n","protected":false},"excerpt":{"rendered":"<p>&#8220;Se voc\u00ea n\u00e3o concordar, n\u00e3o posso me desculpar &#8211; n\u00e3o canto pr\u00e1 enganar. Vou pegar minha viola, vou deixar voc\u00ea &hellip; <span class=\"more-link\"><a href=\"https:\/\/max.pro.br\/?page_id=819\">Continue Reading<\/a><\/span><\/p>\n","protected":false},"author":1,"featured_media":0,"parent":0,"menu_order":0,"comment_status":"closed","ping_status":"closed","template":"","meta":{"footnotes":""},"class_list":["post-819","page","type-page","status-publish","hentry"],"_links":{"self":[{"href":"https:\/\/max.pro.br\/index.php?rest_route=\/wp\/v2\/pages\/819","targetHints":{"allow":["GET"]}}],"collection":[{"href":"https:\/\/max.pro.br\/index.php?rest_route=\/wp\/v2\/pages"}],"about":[{"href":"https:\/\/max.pro.br\/index.php?rest_route=\/wp\/v2\/types\/page"}],"author":[{"embeddable":true,"href":"https:\/\/max.pro.br\/index.php?rest_route=\/wp\/v2\/users\/1"}],"replies":[{"embeddable":true,"href":"https:\/\/max.pro.br\/index.php?rest_route=%2Fwp%2Fv2%2Fcomments&post=819"}],"version-history":[{"count":29,"href":"https:\/\/max.pro.br\/index.php?rest_route=\/wp\/v2\/pages\/819\/revisions"}],"predecessor-version":[{"id":2162,"href":"https:\/\/max.pro.br\/index.php?rest_route=\/wp\/v2\/pages\/819\/revisions\/2162"}],"wp:attachment":[{"href":"https:\/\/max.pro.br\/index.php?rest_route=%2Fwp%2Fv2%2Fmedia&parent=819"}],"curies":[{"name":"wp","href":"https:\/\/api.w.org\/{rel}","templated":true}]}}